{"id":660,"date":"2024-12-12T14:15:31","date_gmt":"2024-12-12T13:15:31","guid":{"rendered":"https:\/\/taxitardy.fr\/?page_id=660"},"modified":"2025-01-12T16:48:11","modified_gmt":"2025-01-12T15:48:11","slug":"transport-prive","status":"publish","type":"page","link":"https:\/\/taxitardy.fr\/index.php\/transport-prive\/","title":{"rendered":"Les Transports Priv\u00e9s"},"content":{"rendered":"\n<p><strong>Transports priv\u00e9s sur mesure<\/strong><br>Je propose \u00e9galement des transports priv\u00e9s adapt\u00e9s \u00e0 vos besoins sp\u00e9cifiques, que ce soit pour des trajets personnels ou professionnels. Pour une totale transparence, je vous offre la possibilit\u00e9 d\u2019obtenir un devis gratuit en amont.<\/p>\n\n\n\n<p>Que ce soit pour un transfert d&rsquo;h\u00f4pital non pris en charge par la CPAM, un transport priv\u00e9 ou un d\u00e9placement professionnel, je m\u2019adapte \u00e0 vos exigences. Vous b\u00e9n\u00e9ficierez d\u2019un service s\u00e9curis\u00e9 et d&rsquo;un confort optimal gr\u00e2ce \u00e0 un taxi spacieux. Voici quelques exemples de transports priv\u00e9s que je peux assurer :<\/p>\n\n\n\n<ul class=\"wp-block-list\">\n<li>Transfert \u00e0 un \u00e9v\u00e9nement professionnel (s\u00e9minaires, conf\u00e9rences, r\u00e9unions).<\/li>\n\n\n\n<li>D\u00e9placement pour un rendez-vous d\u2019affaires ou un entretien.<\/li>\n\n\n\n<li>Transport vers des lieux de loisirs ou de d\u00e9tente (restaurants, h\u00f4tels, etc.).<\/li>\n\n\n\n<li>Transfert vers un h\u00f4tel ou une destination de vacances.<\/li>\n<\/ul>\n\n\n\n<p>Je suis \u00e0 votre disposition pour vous offrir un service personnalis\u00e9 et ponctuel, quel que soit le type de transport dont vous avez besoin.<\/p>\n","protected":false},"excerpt":{"rendered":"<p>Transports priv\u00e9s sur mesureJe propose \u00e9galement des transports priv\u00e9s adapt\u00e9s \u00e0 vos besoins sp\u00e9cifiques, que ce soit pour des trajets personnels ou professionnels. Pour une totale transparence, je vous offre la possibilit\u00e9 d\u2019obtenir un devis gratuit en amont. Que ce soit pour un transfert d&rsquo;h\u00f4pital non pris en charge par la CPAM, un transport priv\u00e9 [&hellip;]<\/p>\n","protected":false},"author":1,"featured_media":0,"parent":0,"menu_order":0,"comment_status":"closed","ping_status":"closed","template":"","meta":{"saved_in_kubio":true,"footnotes":""},"class_list":["post-660","page","type-page","status-publish","hentry"],"kubio_ai_page_context":{"short_desc":"","purpose":"general"},"_links":{"self":[{"href":"https:\/\/taxitardy.fr\/index.php\/wp-json\/wp\/v2\/pages\/660","targetHints":{"allow":["GET"]}}],"collection":[{"href":"https:\/\/taxitardy.fr\/index.php\/wp-json\/wp\/v2\/pages"}],"about":[{"href":"https:\/\/taxitardy.fr\/index.php\/wp-json\/wp\/v2\/types\/page"}],"author":[{"embeddable":true,"href":"https:\/\/taxitardy.fr\/index.php\/wp-json\/wp\/v2\/users\/1"}],"replies":[{"embeddable":true,"href":"https:\/\/taxitardy.fr\/index.php\/wp-json\/wp\/v2\/comments?post=660"}],"version-history":[{"count":7,"href":"https:\/\/taxitardy.fr\/index.php\/wp-json\/wp\/v2\/pages\/660\/revisions"}],"predecessor-version":[{"id":813,"href":"https:\/\/taxitardy.fr\/index.php\/wp-json\/wp\/v2\/pages\/660\/revisions\/813"}],"wp:attachment":[{"href":"https:\/\/taxitardy.fr\/index.php\/wp-json\/wp\/v2\/media?parent=660"}],"curies":[{"name":"wp","href":"https:\/\/api.w.org\/{rel}","templated":true}]}}